{"id":25045,"date":"2024-07-05T07:53:42","date_gmt":"2024-07-05T00:53:42","guid":{"rendered":"https:\/impressium\/"},"modified":"2025-04-11T11:19:22","modified_gmt":"2025-04-11T04:19:22","slug":"impressium","status":"publish","type":"page","link":"https:\/\/vmts.ch\/vi\/impressium\/","title":{"rendered":"Th\u00f4ng tin ph\u00e1p l\u00fd"},"content":{"rendered":"<h1>Th\u00f4ng tin ph\u00e1p l\u00fd (Impressum)<\/h1>\n<h3><span class=\"bold\">C\u00f4ng ty TNHH VMT Solutions<\/span><\/h3>\n<p>T\u00f2a nh\u00e0 Hose, Khu C\u00f4ng vi\u00ean Ph\u1ea7n m\u1ec1m Quang Trung, Ph\u01b0\u1eddng T\u00e2n Ch\u00e1nh Hi\u1ec7p, Qu\u1eadn 12, TP. H\u1ed3 Ch\u00ed Minh<\/p>\n<p><i class=\"fa fa-phone\" aria-hidden=\"true\"><\/i>\u0110i\u1ec7n tho\u1ea1i (Vi\u1ec7t Nam): +84 28 3715 7897<\/p>\n<p><i class=\"fa fa-phone\" aria-hidden=\"true\"><\/i>\u00a0VOIP (\u0110\u1ee9c): +49 7143 7632 106<\/p>\n<p><i class=\"fa fa-envelope-o\" aria-hidden=\"true\"><\/i>\u00a0Email: hello@vmts.ch<\/p>\n<p>Web: www.vmts.ch<\/p>\n<p>M\u00e3 s\u1ed1 thu\u1ebf t\u1ea1i Vi\u1ec7t Nam:\u00a0<span class=\"bold\">0312791734<\/span><br \/>\nGi\u00e1m \u0111\u1ed1c \u0111i\u1ec1u h\u00e0nh: Hu\u1ef3nh S\u0129 Nguy\u00ean<\/p>\n<h6><span class=\"txt10\">B\u1ea3n quy\u1ec1n \u00a9 2014\u00a0<span class=\"bold\">VMT Solutions Ltd.<\/span>\u00a0M\u1ecdi quy\u1ec1n \u0111\u01b0\u1ee3c b\u1ea3o l\u01b0u.\u00a0<\/span><span class=\"txt10\">V\u0103n b\u1ea3n, h\u00ecnh \u1ea3nh, \u0111\u1ed3 h\u1ecda, \u00e2m thanh, ho\u1ea1t h\u00ecnh v\u00e0 video \u0111\u1ec1u thu\u1ed9c b\u1ea3n quy\u1ec1n v\u00e0 c\u00e1c lu\u1eadt b\u1ea3o v\u1ec7 kh\u00e1c. N\u1ed9i dung tr\u00ean website n\u00e0y kh\u00f4ng \u0111\u01b0\u1ee3c ph\u00e9p sao ch\u00e9p, ph\u00e2n ph\u1ed1i, ch\u1ec9nh s\u1eeda ho\u1eb7c cung c\u1ea5p cho b\u00ean th\u1ee9 ba v\u00ec m\u1ee5c \u0111\u00edch th\u01b0\u01a1ng m\u1ea1i. M\u1ed9t s\u1ed1 h\u00ecnh \u1ea3nh tr\u00ean c\u00e1c trang c\u1ee7a\u00a0<span class=\"bold\">VMT Solutions Ltd.<\/span>\u00a0c\u0169ng c\u00f3 th\u1ec3 thu\u1ed9c b\u1ea3n quy\u1ec1n c\u1ee7a b\u00ean th\u1ee9 ba.<\/span><\/h6>\n<h3><span class=\"bold\">B\u1ea3o h\u1ed9 th\u01b0\u01a1ng hi\u1ec7u<\/span><\/h3>\n<p>C\u00e1c d\u1ea5u hi\u1ec7u \u0111\u01b0\u1ee3c s\u1eed d\u1ee5ng l\u00e0 th\u01b0\u01a1ng hi\u1ec7u c\u1ee7a ch\u1ee7 s\u1edf h\u1eefu t\u01b0\u01a1ng \u1ee9ng.<\/p>\n<h3><span class=\"bold\">Ch\u00ednh s\u00e1ch b\u1ea3o m\u1eadt<\/span><\/h3>\n<p><span class=\"txt10\"><span class=\"bold\">C\u00f4ng ty TNHH VMT Solutions<\/span><\/span> r\u1ea5t vui khi b\u1ea1n gh\u00e9 th\u0103m website n\u00e0y v\u00e0 quan t\u00e2m \u0111\u1ebfn c\u00e1c s\u1ea3n ph\u1ea9m c\u1ee7a ch\u00fang t\u00f4i. T\u1ea5t c\u1ea3 d\u1eef li\u1ec7u c\u00e1 nh\u00e2n thu th\u1eadp \u0111\u01b0\u1ee3c tr\u00ean website c\u1ee7a <span class=\"txt10\"><span class=\"bold\">VMT Solutions Ltd.<\/span><\/span> s\u1ebd ch\u1ec9 \u0111\u01b0\u1ee3c l\u01b0u tr\u1eef v\u00e0 x\u1eed l\u00fd cho m\u1ee5c \u0111\u00edch h\u1ed7 tr\u1ee3 c\u00e1 nh\u00e2n, g\u1eedi th\u00f4ng tin s\u1ea3n ph\u1ea9m ho\u1eb7c \u0111\u1ec1 xu\u1ea5t d\u1ecbch v\u1ee5.<\/p>\n<p><span class=\"txt10\"><span class=\"bold\">VMT Solutions Ltd.<\/span><\/span> ch\u1ec9 s\u1eed d\u1ee5ng d\u1eef li\u1ec7u c\u00e1 nh\u00e2n c\u1ee7a b\u1ea1n cho m\u1ee5c \u0111\u00edch qu\u1ea3n tr\u1ecb k\u1ef9 thu\u1eadt c\u1ee7a website, qu\u1ea3n l\u00fd kh\u00e1ch h\u00e0ng, kh\u1ea3o s\u00e1t s\u1ea3n ph\u1ea9m v\u00e0 ti\u1ebfp th\u1ecb trong ph\u1ea1m vi c\u1ea7n thi\u1ebft. <span class=\"txt10\"><span class=\"bold\">VMT Solutions Ltd.<\/span><\/span> cam k\u1ebft gi\u1eef b\u00ed m\u1eadt th\u00f4ng tin c\u1ee7a b\u1ea1n theo c\u00e1c quy \u0111\u1ecbnh hi\u1ec7n h\u00e0nh v\u1ec1 b\u1ea3o m\u1eadt d\u1eef li\u1ec7u.<\/p>\n<h3><span class=\"bold\">L\u01b0u \u00fd ph\u00e1p l\u00fd<\/span><\/h3>\n<p><span class=\"txt10\"><span class=\"bold\">VMT Solutions Ltd.<\/span><\/span> kh\u00f4ng ch\u1ecbu tr\u00e1ch nhi\u1ec7m ho\u1eb7c \u0111\u1ea3m b\u1ea3o v\u1ec1 n\u1ed9i dung c\u1ee7a c\u00e1c trang web \u0111\u01b0\u1ee3c li\u00ean k\u1ebft tr\u1ef1c ti\u1ebfp ho\u1eb7c gi\u00e1n ti\u1ebfp t\u1eeb website n\u00e0y. Kh\u00e1ch truy c\u1eadp t\u1ef1 ch\u1ecbu tr\u00e1ch nhi\u1ec7m khi truy c\u1eadp c\u00e1c li\u00ean k\u1ebft \u0111\u1ebfn trang web kh\u00e1c v\u00e0 tu\u00e2n th\u1ee7 \u0111i\u1ec1u kho\u1ea3n s\u1eed d\u1ee5ng c\u1ee7a t\u1eebng trang \u0111\u00f3.<\/p>\n<h3><span class=\"bold\">Th\u00f4ng tin v\u1ec1 gi\u00e1<\/span><\/h3>\n<p>T\u1ea5t c\u1ea3 gi\u00e1 \u0111\u01b0\u1ee3c n\u00eau ch\u01b0a bao g\u1ed3m thu\u1ebf gi\u00e1 tr\u1ecb gia t\u0103ng v\u00e0 ph\u00ed v\u1eadn chuy\u1ec3n. Tr\u1eeb khi \u0111\u01b0\u1ee3c ghi ch\u00fa kh\u00e1c, gi\u00e1 \u00e1p d\u1ee5ng cho gi\u1ea5y ph\u00e9p \u0111\u1ea7u ti\u00ean. Gi\u00e1 cho c\u00e1c gi\u1ea5y ph\u00e9p ti\u1ebfp theo s\u1ebd \u0111\u01b0\u1ee3c cung c\u1ea5p theo y\u00eau c\u1ea7u. M\u1ecdi thay \u0111\u1ed5i v\u00e0 sai s\u00f3t c\u00f3 th\u1ec3 x\u1ea3y ra!<\/p>\n<h3><span class=\"bold\">\u0110i\u1ec1u kho\u1ea3n &amp; \u0110i\u1ec1u ki\u1ec7n<\/span><\/h3>\n<p>\u0110i\u1ec1u kho\u1ea3n &amp; \u0110i\u1ec1u ki\u1ec7n chung c\u1ee7a ch\u00fang t\u00f4i c\u00f3 th\u1ec3 \u0111\u01b0\u1ee3c xem t\u1ea1i \u0111\u00e2y: <a href=\"https:\/\/vmts.ch\/vi\/agb\/\">AGB<\/a>. Vui l\u00f2ng g\u1eedi g\u00f3p \u00fd cho website v\u1ec1 \u0111\u1ecba ch\u1ec9: hello@vmts.ch<\/p>\n<h3><span class=\"bold\">Mi\u1ec5n tr\u1eeb tr\u00e1ch nhi\u1ec7m<\/span><\/h3>\n<p>T\u1ea5t c\u1ea3 th\u00f4ng tin \u0111\u01b0\u1ee3c cung c\u1ea5p \u0111\u00e3 \u0111\u01b0\u1ee3c ki\u1ec3m tra k\u1ef9 l\u01b0\u1ee1ng. Tuy nhi\u00ean, <span class=\"txt10\"><span class=\"bold\">VMT Solutions Ltd.<\/span><\/span> kh\u00f4ng th\u1ec3 ch\u1ecbu tr\u00e1ch nhi\u1ec7m cho b\u1ea5t k\u1ef3 thi\u1ec7t h\u1ea1i n\u00e0o li\u00ean quan \u0111\u1ebfn vi\u1ec7c s\u1eed d\u1ee5ng c\u00e1c n\u1ed9i dung n\u00e0y.<\/p>\n<p>Ch\u00fang t\u00f4i ch\u00fac b\u1ea1n c\u00f3 nh\u1eefng tr\u1ea3i nghi\u1ec7m tuy\u1ec7t v\u1eddi khi truy c\u1eadp website c\u1ee7a ch\u00fang t\u00f4i!<\/p>\n<p>Ng\u01b0\u1eddi ch\u1ecbu tr\u00e1ch nhi\u1ec7m n\u1ed9i dung theo Lu\u1eadt B\u00e1o ch\u00ed (\u00a7 6 MDStV), m\u1ecdi quy\u1ec1n \u0111\u1ed1i v\u1edbi n\u1ed9i dung thu\u1ed9c v\u1ec1 VMT Solutions Ltd.<\/p>\n","protected":false},"excerpt":{"rendered":"<p>Th\u00f4ng tin ph\u00e1p l\u00fd (Impressum) C\u00f4ng ty TNHH VMT Solutions T\u00f2a nh\u00e0 Hose, Khu C\u00f4ng vi\u00ean Ph\u1ea7n m\u1ec1m Quang Trung, Ph\u01b0\u1eddng T\u00e2n Ch\u00e1nh Hi\u1ec7p, Qu\u1eadn 12, TP. H\u1ed3 Ch\u00ed Minh \u0110i\u1ec7n tho\u1ea1i (Vi\u1ec7t Nam): +84 [&#8230;]<\/p>\n","protected":false},"author":1,"featured_media":0,"parent":0,"menu_order":0,"comment_status":"closed","ping_status":"closed","template":"","meta":{"_acf_changed":false,"footnotes":""},"class_list":["post-25045","page","type-page","status-publish","hentry"],"acf":[],"_links":{"self":[{"href":"https:\/\/vmts.ch\/vi\/wp-json\/wp\/v2\/pages\/25045","targetHints":{"allow":["GET"]}}],"collection":[{"href":"https:\/\/vmts.ch\/vi\/wp-json\/wp\/v2\/pages"}],"about":[{"href":"https:\/\/vmts.ch\/vi\/wp-json\/wp\/v2\/types\/page"}],"author":[{"embeddable":true,"href":"https:\/\/vmts.ch\/vi\/wp-json\/wp\/v2\/users\/1"}],"replies":[{"embeddable":true,"href":"https:\/\/vmts.ch\/vi\/wp-json\/wp\/v2\/comments?post=25045"}],"version-history":[{"count":0,"href":"https:\/\/vmts.ch\/vi\/wp-json\/wp\/v2\/pages\/25045\/revisions"}],"wp:attachment":[{"href":"https:\/\/vmts.ch\/vi\/wp-json\/wp\/v2\/media?parent=25045"}],"curies":[{"name":"wp","href":"https:\/\/api.w.org\/{rel}","templated":true}]}}