{"id":25040,"date":"2024-07-05T07:56:43","date_gmt":"2024-07-05T00:56:43","guid":{"rendered":"https:\/agb\/"},"modified":"2025-04-11T10:47:26","modified_gmt":"2025-04-11T03:47:26","slug":"agb","status":"publish","type":"page","link":"https:\/\/vmts.ch\/vi\/agb\/","title":{"rendered":"AGB"},"content":{"rendered":"<h1>\u0110I\u1ec0U KHO\u1ea2N V\u00c0 \u0110I\u1ec0U KI\u1ec6N CHUNG C\u1ee6A C\u00d4NG TY TNHH VMT SOLUTIONS<\/h1>\n<h3>\u00a7 1 Quy \u0111\u1ecbnh chung<\/h3>\n<p>C\u00e1c \u0110i\u1ec1u kho\u1ea3n v\u00e0 \u0110i\u1ec1u ki\u1ec7n Chung c\u1ee7a C\u00f4ng ty TNHH VMT Solutions \u2013 sau \u0111\u00e2y g\u1ecdi l\u00e0 \u201cVMTS\u201d \u2013 \u0111\u01b0\u1ee3c \u00e1p d\u1ee5ng cho t\u1ea5t c\u1ea3 c\u00e1c h\u1ee3p \u0111\u1ed3ng \u0111\u01b0\u1ee3c k\u00fd k\u1ebft gi\u1eefa VMTS v\u00e0 kh\u00e1ch h\u00e0ng c\u0169ng nh\u01b0 m\u1ecdi th\u1ecfa thu\u1eadn kh\u00e1c trong khu\u00f4n kh\u1ed5 quan h\u1ec7 kinh doanh, tr\u1eeb khi c\u00f3 nh\u1eefng quy \u0111\u1ecbnh kh\u00e1c \u0111\u01b0\u1ee3c th\u1ecfa thu\u1eadn ri\u00eang.<\/p>\n<p>M\u1ecdi thay \u0111\u1ed5i \u0111\u1ed1i v\u1edbi \u0110i\u1ec1u kho\u1ea3n v\u00e0 \u0110i\u1ec1u ki\u1ec7n Chung ph\u1ea3i \u0111\u01b0\u1ee3c l\u1eadp th\u00e0nh v\u0103n b\u1ea3n.<\/p>\n<h3>\u00a7 2 B\u00e1o gi\u00e1 v\u00e0 k\u00fd k\u1ebft h\u1ee3p \u0111\u1ed3ng<\/h3>\n<p>T\u1ea5t c\u1ea3 c\u00e1c b\u00e1o gi\u00e1 c\u1ee7a VMTS \u0111\u1ec1u kh\u00f4ng r\u00e0ng bu\u1ed9c. H\u1ee3p \u0111\u1ed3ng ch\u1ec9 \u0111\u01b0\u1ee3c xem l\u00e0 c\u00f3 hi\u1ec7u l\u1ef1c khi VMTS ch\u1ea5p thu\u1eadn \u0111\u01a1n \u0111\u1eb7t h\u00e0ng b\u1eb1ng v\u0103n b\u1ea3n. Ph\u1ea1m vi d\u1ecbch v\u1ee5 do VMT Solutions cung c\u1ea5p \u0111\u01b0\u1ee3c x\u00e1c \u0111\u1ecbnh trong x\u00e1c nh\u1eadn \u0111\u1eb7t h\u00e0ng.<\/p>\n<h3>\u00a7 3 \u0110i\u1ec1u ki\u1ec7n thanh to\u00e1n<\/h3>\n<p>T\u1ea5t c\u1ea3 c\u00e1c h\u00f3a \u0111\u01a1n c\u1ee7a VMTS ph\u1ea3i \u0111\u01b0\u1ee3c thanh to\u00e1n trong v\u00f2ng 10 ng\u00e0y k\u1ec3 t\u1eeb ng\u00e0y l\u1eadp h\u00f3a \u0111\u01a1n.<\/p>\n<p>T\u1ea5t c\u1ea3 gi\u00e1 \u0111\u1ec1u ch\u01b0a bao g\u1ed3m bao b\u00ec, v\u1eadn chuy\u1ec3n v\u00e0 c\u01b0\u1edbc ph\u00ed. Khi\u1ebfu n\u1ea1i li\u00ean quan \u0111\u1ebfn h\u00f3a \u0111\u01a1n ch\u1ec9 \u0111\u01b0\u1ee3c ch\u1ea5p nh\u1eadn trong v\u00f2ng 4 tu\u1ea7n, sau th\u1eddi h\u1ea1n \u0111\u00f3 \u0111\u01b0\u1ee3c xem l\u00e0 h\u00f3a \u0111\u01a1n \u0111\u00e3 \u0111\u01b0\u1ee3c ch\u1ea5p thu\u1eadn.<\/p>\n<h3>\u00a7 4 Giao h\u00e0ng<\/h3>\n<p>C\u00e1c th\u1eddi h\u1ea1n giao h\u00e0ng do VMT Solutions cung c\u1ea5p ch\u1ec9 mang t\u00ednh r\u00e0ng bu\u1ed9c khi \u0111\u01b0\u1ee3c ch\u1ec9 r\u00f5 trong x\u00e1c nh\u1eadn \u0111\u01a1n h\u00e0ng.<\/p>\n<p>Vi\u1ec7c tu\u00e2n th\u1ee7 th\u1eddi h\u1ea1n giao h\u00e0ng ph\u1ee5 thu\u1ed9c v\u00e0o vi\u1ec7c cung c\u1ea5p \u0111\u00fang h\u1ea1n c\u00e1c t\u00e0i li\u1ec7u c\u1ea7n thi\u1ebft v\u00e0 tu\u00e2n th\u1ee7 c\u00e1c \u0111i\u1ec1u kho\u1ea3n h\u1ee3p \u0111\u1ed3ng. N\u1ebfu kh\u00f4ng ho\u00e0n th\u00e0nh \u0111\u1ea7y \u0111\u1ee7 ho\u1eb7c ch\u1ec9 ho\u00e0n th\u00e0nh m\u1ed9t ph\u1ea7n, th\u1eddi gian giao h\u00e0ng s\u1ebd \u0111\u01b0\u1ee3c k\u00e9o d\u00e0i t\u01b0\u01a1ng \u1ee9ng.<\/p>\n<p>N\u1ebfu kh\u00e1ch h\u00e0ng y\u00eau c\u1ea7u thay \u0111\u1ed5i \u0111\u01a1n h\u00e0ng sau khi \u0111\u1eb7t ho\u1eb7c x\u1ea3y ra c\u00e1c t\u00ecnh hu\u1ed1ng khi\u1ebfn VMTS kh\u00f4ng th\u1ec3 \u0111\u00e1p \u1ee9ng th\u1eddi h\u1ea1n giao h\u00e0ng \u2013 m\u00e0 nguy\u00ean nh\u00e2n kh\u00f4ng thu\u1ed9c tr\u00e1ch nhi\u1ec7m c\u1ee7a VMTS \u2013 th\u00ec th\u1eddi h\u1ea1n giao h\u00e0ng s\u1ebd \u0111\u01b0\u1ee3c l\u00f9i l\u1ea1i m\u1ed9t kho\u1ea3ng th\u1eddi gian h\u1ee3p l\u00fd.<\/p>\n<p>Trong tr\u01b0\u1eddng h\u1ee3p x\u1ea3y ra s\u1ef1 ki\u1ec7n b\u1ea5t kh\u1ea3 kh\u00e1ng ho\u1eb7c c\u00e1c y\u1ebfu t\u1ed1 kh\u00e1c ngo\u00e0i t\u1ea7m ki\u1ec3m so\u00e1t c\u1ee7a VMTS, \u1ea3nh h\u01b0\u1edfng \u0111\u00e1ng k\u1ec3 \u0111\u1ebfn vi\u1ec7c giao h\u00e0ng ho\u1eb7c cung c\u1ea5p d\u1ecbch v\u1ee5 \u2013 \u0111\u1eb7c bi\u1ec7t l\u00e0 \u0111\u00ecnh c\u00f4ng ho\u1eb7c b\u1ecb kh\u00f3a m\u00e1y, ho\u1eb7c c\u00e1c t\u00ecnh hu\u1ed1ng ph\u00e1p l\u00fd kh\u00e1c kh\u00f4ng do VMTS g\u00e2y ra \u2013 VMTS c\u00f3 quy\u1ec1n t\u1ea1m ho\u00e3n cung c\u1ea5p d\u1ecbch v\u1ee5 trong th\u1eddi gian b\u1ecb \u1ea3nh h\u01b0\u1edfng c\u1ed9ng th\u00eam th\u1eddi gian chu\u1ea9n b\u1ecb h\u1ee3p l\u00fd ho\u1eb7c c\u00f3 quy\u1ec1n ch\u1ea5m d\u1ee9t h\u1ee3p \u0111\u1ed3ng to\u00e0n ph\u1ea7n ho\u1eb7c m\u1ed9t ph\u1ea7n.<\/p>\n<p>N\u1ebfu tr\u1edf ng\u1ea1i \u0111\u00f3 kh\u00f4ng th\u1ec3 gi\u1ea3i quy\u1ebft trong th\u1eddi gian ng\u1eafn, VMTS c\u00f3 th\u1ec3 ng\u1eebng giao h\u00e0ng ho\u1eb7c ch\u1ea5m d\u1ee9t h\u1ee3p \u0111\u1ed3ng ho\u00e0n to\u00e0n ho\u1eb7c m\u1ed9t ph\u1ea7n m\u00e0 kh\u00f4ng c\u00f3 ngh\u0129a v\u1ee5 cung c\u1ea5p b\u1ed5 sung hay b\u1ed3i th\u01b0\u1eddng thi\u1ec7t h\u1ea1i.<\/p>\n<h3>\u00a7 5 Tr\u00e1ch nhi\u1ec7m &amp; B\u1ea3o h\u00e0nh<\/h3>\n<p>VMTS ch\u1ec9 ch\u1ecbu tr\u00e1ch nhi\u1ec7m trong tr\u01b0\u1eddng h\u1ee3p c\u00f3 l\u1ed7i c\u1ed1 \u00fd ho\u1eb7c l\u1ed7i nghi\u00eam tr\u1ecdng. Tr\u00e1ch nhi\u1ec7m \u0111\u1ed1i v\u1edbi l\u1ed7i nh\u1eb9 \u0111\u01b0\u1ee3c lo\u1ea1i tr\u1eeb.<\/p>\n<p>Trong m\u1ecdi tr\u01b0\u1eddng h\u1ee3p m\u00e0 VMT Solutions ph\u1ea3i ch\u1ecbu tr\u00e1ch nhi\u1ec7m, m\u1ee9c b\u1ed3i th\u01b0\u1eddng \u0111\u01b0\u1ee3c gi\u1edbi h\u1ea1n \u1edf m\u1ee9c thi\u1ec7t h\u1ea1i c\u00f3 th\u1ec3 l\u01b0\u1eddng tr\u01b0\u1edbc \u0111\u01b0\u1ee3c v\u00e0o th\u1eddi \u0111i\u1ec3m k\u00fd k\u1ebft h\u1ee3p \u0111\u1ed3ng.<\/p>\n<p>M\u1ecdi tr\u00e1ch nhi\u1ec7m s\u1ebd b\u1ecb lo\u1ea1i tr\u1eeb n\u1ebfu kh\u00e1ch h\u00e0ng t\u1ef1 ch\u1ec9nh s\u1eeda b\u1ea3n v\u1ebd, t\u00e0i li\u1ec7u ho\u1eb7c t\u1ec7p tin do VMTS cung c\u1ea5p ho\u1eb7c cho ph\u00e9p b\u00ean th\u1ee9 ba\/ph\u1ea7n m\u1ec1m kh\u00e1c th\u1ef1c hi\u1ec7n \u0111i\u1ec1u \u0111\u00f3.<\/p>\n<p>Kh\u00e1ch h\u00e0ng c\u00f3 tr\u00e1ch nhi\u1ec7m ki\u1ec3m tra c\u00e1c t\u1ec7p \u0111\u01b0\u1ee3c b\u00e0n giao ngay l\u1eadp t\u1ee9c v\u00e0 th\u00f4ng b\u00e1o l\u1ed7i r\u00f5 r\u00e0ng b\u1eb1ng v\u0103n b\u1ea3n trong v\u00f2ng 10 ng\u00e0y k\u1ec3 t\u1eeb ng\u00e0y giao h\u00e0ng. C\u00e1c l\u1ed7i \u0111\u01b0\u1ee3c th\u00f4ng b\u00e1o mu\u1ed9n s\u1ebd kh\u00f4ng \u0111\u01b0\u1ee3c ch\u1ea5p nh\u1eadn. C\u00e1c l\u1ed7i kh\u00f4ng r\u00f5 r\u00e0ng ph\u1ea3i \u0111\u01b0\u1ee3c th\u00f4ng b\u00e1o ngay khi ph\u00e1t hi\u1ec7n.<\/p>\n<p>Trong tr\u01b0\u1eddng h\u1ee3p d\u1ecbch v\u1ee5 c\u1ee7a VMTS b\u1ecb l\u1ed7i v\u00e0 kh\u00e1ch h\u00e0ng th\u00f4ng b\u00e1o k\u1ecbp th\u1eddi, VMTS c\u00f3 quy\u1ec1n t\u00f9y ch\u1ecdn s\u1eeda ch\u1eefa ho\u1eb7c cung c\u1ea5p l\u1ea1i t\u1ec7p l\u1ed7i. M\u1ecdi y\u00eau c\u1ea7u b\u1ed3i th\u01b0\u1eddng thi\u1ec7t h\u1ea1i do kh\u00f4ng th\u1ef1c hi\u1ec7n h\u1ee3p \u0111\u1ed3ng s\u1ebd b\u1ecb lo\u1ea1i tr\u1eeb.<\/p>\n<p>VMT Solutions kh\u00f4ng ch\u1ecbu tr\u00e1ch nhi\u1ec7m ki\u1ec3m tra n\u1ed9i dung c\u1ee7a c\u00e1c t\u1ec7p ho\u1eb7c b\u1ea3n in tr\u01b0\u1edbc khi s\u1eed d\u1ee5ng trong thi\u1ebft k\u1ebf, quy ho\u1ea1ch hay d\u1ef1 \u00e1n \u2013 to\u00e0n b\u1ed9 tr\u00e1ch nhi\u1ec7m thu\u1ed9c v\u1ec1 kh\u00e1ch h\u00e0ng.<\/p>\n<h3>\u00a7 6 Quy\u1ec1n s\u1edf h\u1eefu<\/h3>\n<p>C\u00e1c t\u1ec7p \u0111\u01b0\u1ee3c cung c\u1ea5p b\u1edfi VMTS ch\u1ec9 \u0111\u01b0\u1ee3c s\u1eed d\u1ee5ng \u0111\u1ec3 ki\u1ec3m tra cho \u0111\u1ebfn khi to\u00e0n b\u1ed9 c\u00e1c kho\u1ea3n ph\u1ea3i thanh to\u00e1n t\u1eeb m\u1ed1i quan h\u1ec7 h\u1ee3p \u0111\u1ed3ng \u0111\u01b0\u1ee3c thanh to\u00e1n \u0111\u1ea7y \u0111\u1ee7.<\/p>\n<p>Quy\u1ec1n s\u1edf h\u1eefu c\u00e1c t\u1ec7p ch\u1ec9 \u0111\u01b0\u1ee3c chuy\u1ec3n giao sau khi \u0111\u00e3 ho\u00e0n th\u00e0nh \u0111\u1ea7y \u0111\u1ee7 ngh\u0129a v\u1ee5 thanh to\u00e1n. N\u1ebfu kh\u00e1ch h\u00e0ng ch\u01b0a thanh to\u00e1n \u0111\u00fang h\u1ea1n, h\u1ecd kh\u00f4ng c\u00f3 quy\u1ec1n s\u1eed d\u1ee5ng ho\u1eb7c chuy\u1ec3n nh\u01b0\u1ee3ng c\u00e1c t\u1ec7p. Trong tr\u01b0\u1eddng h\u1ee3p kh\u00e1ch h\u00e0ng v\u1eabn b\u00e1n c\u00e1c t\u1ec7p v\u00e0 \u0111\u01b0\u1ee3c VMTS ch\u1ea5p thu\u1eadn, kh\u00e1ch h\u00e0ng m\u1eb7c \u0111\u1ecbnh chuy\u1ec3n nh\u01b0\u1ee3ng t\u1ea5t c\u1ea3 c\u00e1c quy\u1ec1n \u0111\u00f2i n\u1ee3 t\u1eeb b\u00ean mua cho VMTS k\u1ec3 t\u1eeb th\u1eddi \u0111i\u1ec3m k\u00fd h\u1ee3p \u0111\u1ed3ng. Kh\u00e1ch h\u00e0ng c\u00f3 tr\u00e1ch nhi\u1ec7m cung c\u1ea5p cho VMTS m\u1ecdi th\u00f4ng tin c\u1ea7n thi\u1ebft \u0111\u1ec3 th\u1ef1c hi\u1ec7n c\u00e1c quy\u1ec1n n\u00e0y v\u00e0 th\u1ef1c hi\u1ec7n c\u00e1c ngh\u0129a v\u1ee5 h\u1ed7 tr\u1ee3 c\u1ea7n thi\u1ebft.<\/p>\n<h3>\u00a7 7 Lu\u1eadt \u00e1p d\u1ee5ng, T\u00f2a \u00e1n c\u00f3 th\u1ea9m quy\u1ec1n<\/h3>\n<p>Lu\u1eadt \u00e1p d\u1ee5ng l\u00e0 lu\u1eadt c\u1ee7a C\u1ed9ng h\u00f2a Li\u00ean bang \u0110\u1ee9c.<\/p>\n<p>T\u00f2a \u00e1n c\u00f3 th\u1ea9m quy\u1ec1n gi\u1ea3i quy\u1ebft l\u00e0 t\u1ea1i Munich, \u0110\u1ee9c.<\/p>\n","protected":false},"excerpt":{"rendered":"<p>\u0110I\u1ec0U KHO\u1ea2N V\u00c0 \u0110I\u1ec0U KI\u1ec6N CHUNG C\u1ee6A C\u00d4NG TY TNHH VMT SOLUTIONS \u00a7 1 Quy \u0111\u1ecbnh chung C\u00e1c \u0110i\u1ec1u kho\u1ea3n v\u00e0 \u0110i\u1ec1u ki\u1ec7n Chung c\u1ee7a C\u00f4ng ty TNHH VMT Solutions \u2013 sau \u0111\u00e2y g\u1ecdi l\u00e0 [&#8230;]<\/p>\n","protected":false},"author":1,"featured_media":0,"parent":0,"menu_order":0,"comment_status":"closed","ping_status":"closed","template":"","meta":{"_acf_changed":false,"footnotes":""},"class_list":["post-25040","page","type-page","status-publish","hentry"],"acf":[],"_links":{"self":[{"href":"https:\/\/vmts.ch\/vi\/wp-json\/wp\/v2\/pages\/25040","targetHints":{"allow":["GET"]}}],"collection":[{"href":"https:\/\/vmts.ch\/vi\/wp-json\/wp\/v2\/pages"}],"about":[{"href":"https:\/\/vmts.ch\/vi\/wp-json\/wp\/v2\/types\/page"}],"author":[{"embeddable":true,"href":"https:\/\/vmts.ch\/vi\/wp-json\/wp\/v2\/users\/1"}],"replies":[{"embeddable":true,"href":"https:\/\/vmts.ch\/vi\/wp-json\/wp\/v2\/comments?post=25040"}],"version-history":[{"count":0,"href":"https:\/\/vmts.ch\/vi\/wp-json\/wp\/v2\/pages\/25040\/revisions"}],"wp:attachment":[{"href":"https:\/\/vmts.ch\/vi\/wp-json\/wp\/v2\/media?parent=25040"}],"curies":[{"name":"wp","href":"https:\/\/api.w.org\/{rel}","templated":true}]}}