{"id":25044,"date":"2024-07-05T07:53:42","date_gmt":"2024-07-05T00:53:42","guid":{"rendered":"https:\/impressium\/"},"modified":"2025-04-11T11:05:55","modified_gmt":"2025-04-11T04:05:55","slug":"impressium","status":"publish","type":"page","link":"https:\/\/vmts.ch\/ja\/impressium\/","title":{"rendered":"Impressium"},"content":{"rendered":"<h1>Impressium<\/h1>\n<h3><span class=\"bold\">VMT Solutions Ltd.<\/span><\/h3>\n<p>Hose Building, Quang Trung Software City, Tan Chanh Hiep Ward, District 12, Ho Chi Minh City<\/p>\n<p><i class=\"fa fa-phone\" aria-hidden=\"true\"><\/i>Telefon(Vietnam): +84 28 3715 7897<\/p>\n<p><i class=\"fa fa-phone\" aria-hidden=\"true\"><\/i>\u00a0VOIP(Deutschland): +49 7143 7632 106<\/p>\n<p><i class=\"fa fa-envelope-o\" aria-hidden=\"true\"><\/i>\u00a0E-Mail: hello@vmts.ch<\/p>\n<p>Web: www.vmts.ch<\/p>\n<p>Steuernummer VN:\u00a0<span class=\"bold\">0312791734<\/span><br \/>\nGesch\u00e4ftsf\u00fchrer: Huynh Si Nguyen<\/p>\n<h6><span class=\"txt10\">Copyright \u00a9 2014\u00a0<span class=\"bold\">VMT Solutions Ltd.<\/span>\u00a0Alle Rechte vorbehalten.\u00a0<\/span><span class=\"txt10\">Text, Bilder, Grafiken, Sound, Animationen und Videos unterliegen dem Schutz des Urheberrechts und anderer Schutzgesetze. Der Inhalt dieser Websites darf nicht zu kommerziellen Zwecken kopiert, verbreitet, ver\u00e4ndert oder Dritten zug\u00e4nglich gemacht werden. Einige\u00a0<span class=\"bold\">VMT Solutions Ltd.<\/span>\u00a0Websites enthalten au\u00dferdem Bilder, die dem Copyright Dritter unterliegen.<\/span><\/h6>\n<h3><span class=\"bold\">Markenschutz<\/span><\/h3>\n<p>Verwendete Kennzeichen sind Marken ihrer jeweiligen Eigent\u00fcmer.<\/p>\n<h3><span class=\"bold\">Datenschutz<\/span><\/h3>\n<p>Die\u00a0<span class=\"txt10\"><span class=\"bold\">VMT Solutions Ltd.<\/span>\u00a0<\/span>freut sich \u00fcber Ihren Besuch auf dieser Website und Ihr Interesse an den Produkten. S\u00e4mtliche auf der Website der\u00a0<span class=\"txt10\"><span class=\"bold\">VMT Solutions Ltd.<\/span>\u00a0<\/span>erhobenen pers\u00f6nlichen Daten werden ausschlie\u00dflich zu Ihrer individuellen Betreuung, der \u00dcbersendung von Produktinformationen oder der Unterbreitung von Serviceangeboten gespeichert und verarbeitet.<\/p>\n<p>Die\u00a0<span class=\"txt10\"><span class=\"bold\">VMT Solutions Ltd.<\/span>\u00a0<\/span>nutzt Ihre pers\u00f6nlichen Daten zu Zwecken der technischen Administration der Webseiten, zur Kundenverwaltung, f\u00fcr Produktumfragen und f\u00fcr das Marketing nur im jeweils daf\u00fcr erforderlichen Umfang. Die\u00a0<span class=\"txt10\"><span class=\"bold\">VMT Solutions Ltd.<\/span>\u00a0<\/span>sichert zu, dass Ihre Angaben entsprechend den geltenden datenschutzrechtlichen Bestimmungen vertraulich behandelt werden.<\/p>\n<h3><span class=\"bold\">Rechtliche Hinweise<\/span><\/h3>\n<p>Die\u00a0<span class=\"txt10\"><span class=\"bold\">VMT Solutions Ltd.<\/span>\u00a0<\/span>\u00fcbernimmt keine Haftung oder Garantie, f\u00fcr den Inhalt von Internetseiten, auf die unsere Website direkt oder indirekt verweist. Besucher folgen Verbindungen zu anderen Websites und Homepages auf eigene Gefahr und benutzen sie gem\u00e4\u00df den jeweils geltenden Nutzungsbedingungen der entsprechenden Websites.<\/p>\n<h3><span class=\"bold\">Preisinformationen<\/span><\/h3>\n<p>Alle angegebenen Preise verstehen sich zuz\u00fcglich Mehrwertsteuer und Versandkosten. Soweit nicht anders angegeben gelten die Preise je Erstlizenz. Preise f\u00fcr Folgelizenzen werden auf Anfrage \u00fcbermittelt. \u00c4nderungen und Irrt\u00fcmer vorbehalten!<\/p>\n<h3><span class=\"bold\">AGB<\/span><\/h3>\n<p>Unsere Allgemeine Gesch\u00e4ftsbedingungen finden Sie hier\u00a0<a href=\"https:\/\/vmts.ch\/ja\/agb\/\">AGB<\/a>. Anregungen zu unseren Webseiten senden Sie bitte an:\u00a0webmaster@<\/p>\n<h3><span class=\"bold\">Haftungsausschlu\u00df<\/span><\/h3>\n<p>Alle enthaltenen Informationen wurden mit gr\u00f6\u00dfter Sorgfalt kontrolliert. Die\u00a0<span class=\"txt10\"><span class=\"bold\">VMT Solutions Ltd.<\/span>\u00a0<\/span>kann jedoch f\u00fcr Sch\u00e4den nicht haftbar gemacht werden, die in Zusammenhang mit der Verwendung dieser Inhalte stehen.<\/p>\n<p>Wir w\u00fcnschen Ihnen viel Freude auf unseren Seiten!<\/p>\n<p>Verantwortlich f\u00fcr den Inhalt im Sinne des Presserechts (\u00a7 6 MDStV), alle Rechte an den Inhalten<\/p>\n","protected":false},"excerpt":{"rendered":"<p>Impressium VMT Solutions Ltd. Hose  [&#8230;]<\/p>\n","protected":false},"author":1,"featured_media":0,"parent":0,"menu_order":0,"comment_status":"closed","ping_status":"closed","template":"","meta":{"_acf_changed":false,"footnotes":""},"class_list":["post-25044","page","type-page","status-publish","hentry"],"acf":[],"_links":{"self":[{"href":"https:\/\/vmts.ch\/ja\/wp-json\/wp\/v2\/pages\/25044","targetHints":{"allow":["GET"]}}],"collection":[{"href":"https:\/\/vmts.ch\/ja\/wp-json\/wp\/v2\/pages"}],"about":[{"href":"https:\/\/vmts.ch\/ja\/wp-json\/wp\/v2\/types\/page"}],"author":[{"embeddable":true,"href":"https:\/\/vmts.ch\/ja\/wp-json\/wp\/v2\/users\/1"}],"replies":[{"embeddable":true,"href":"https:\/\/vmts.ch\/ja\/wp-json\/wp\/v2\/comments?post=25044"}],"version-history":[{"count":0,"href":"https:\/\/vmts.ch\/ja\/wp-json\/wp\/v2\/pages\/25044\/revisions"}],"wp:attachment":[{"href":"https:\/\/vmts.ch\/ja\/wp-json\/wp\/v2\/media?parent=25044"}],"curies":[{"name":"wp","href":"https:\/\/api.w.org\/{rel}","templated":true}]}}