{"id":25039,"date":"2024-07-05T07:56:43","date_gmt":"2024-07-05T00:56:43","guid":{"rendered":"https:\/agb\/"},"modified":"2024-10-14T08:58:40","modified_gmt":"2024-10-14T08:58:40","slug":"agb","status":"publish","type":"page","link":"https:\/\/vmts.ch\/ja\/agb\/","title":{"rendered":"AGB"},"content":{"rendered":"<h1>ALLGEMEINE GESCH\u00c4FTSBEDINGUNGEN DER VMT SOLUTIONS LTD.<\/h1>\n<h3>\u00a7 1 Allgemein<\/h3>\n<p>Die Allgemeinen Gesch\u00e4ftsbedingungen von VMT Solutions Ltd \u2013 im folgenden \u201eVMTS\u201c genannt \u2013 gelten f\u00fcr alle zwischen der VMTS und dem Auftraggeber abgeschlossenen Vertr\u00e4ge sowie alle sonstigen Absprachen, die im Rahmen der Gesch\u00e4ftsverbindung getroffen werden, sofern nicht abweichende Regelungen vereinbart werden.<\/p>\n<p>\u00c4nderungen den Allgemeinen Vertragsbedingungen bed\u00fcrfen der Schriftform.<\/p>\n<h3>\u00a7 2 Angebote und Vertragsschluss<\/h3>\n<p>Alle Angebote der VMTS sind freibleibend. Vertr\u00e4ge kommen durch die schriftliche Auftragsannahme seitens VMTS zustande. Der Umfang der von VMT Solutions zu erbringenden Leistungen wird durch die Auftragsbest\u00e4tigung von VMT Solutions festgelegt.<\/p>\n<h3>\u00a7 3 Zahlungsbedingungen<\/h3>\n<p>Alle Rechnungen der VMTS sind innerhalb von 10 Tagen ab Rechnungsdatum zahlbar.<\/p>\n<p>Alle Preise gelten ohne Verpackung, Transport und Porto. Reklamationen von Rechnungen sind nur innerhalb von 4 Wochen zul\u00e4ssig, danach gelten sie als anerkannt.<\/p>\n<h3>\u00a7 4 Lieferung<\/h3>\n<p>Die von VMT Solutions genannten Liefertermine, sind nur verbindlich, wenn sie ausdr\u00fccklich in der Auftragsbest\u00e4tigung als solche<br \/>\nbezeichnet wurden.<\/p>\n<p>Die Einhaltung der Lieferfristen setzt die rechtzeitige Lieferung der ben\u00f6tigten Unterlagen und die Einhaltung der Vertragsrelevanten Regelungen voraus. Bei Nicht- oder Teilerf\u00fcllung verl\u00e4ngern sich die Lieferzeiten im angemessenem Umfang.<\/p>\n<p>Verlangt der Auftraggeber nach Auftragserteilung \u00c4nderungen des Auftrages oder treten Umst\u00e4nde ein, die der VMTS eine Einhaltung des Liefertermins unm\u00f6glich machen, obwohl die VMTS diese Umst\u00e4nde nicht zu vertreten hat, so verschiebt sich der Liefertermin um einen angemessenen Zeitraum.<\/p>\n<p>Insbesondere der Eintritt h\u00f6herer Gewalt und allen sonst von VMTS nicht zu vertretenden Einwirkungen, die auf die Lieferung oder Leistung von erheblichem Einfluss sind, insbesondere bei Streik oder Aussperrung oder auf sonstige nach allgemeinen Rechtsgrunds\u00e4tzen von der VMTS nicht zu vertretende Umst\u00e4nde zur\u00fcckzuf\u00fchren, so ist die VMTS berechtigt, die Leistung um die Dauer der Behinderung zuz\u00fcglich einer angemessenen Anlaufzeit hinauszuschieben oder wegen des noch nicht erf\u00fcllten Teils ganz oder teilweise vom Vertrag zur\u00fcckzutreten.<\/p>\n<p>F\u00e4llt die Behinderung voraussichtlich in absehbarer Zeit nicht weg, kann die VMTS die Lieferung einstellen oder vom Vertrag ganz oder teilweise zur\u00fcckzutreten, ohne dass dem Kunden Anspr\u00fcche auf Nachlieferung oder Schadenersatz zustehen.<\/p>\n<h3>\u00a7 5 Haftung &amp; Gew\u00e4hrleistung<\/h3>\n<p>Die VMTS haftet nur bei vors\u00e4tzlicher oder grober Fahrl\u00e4ssigkeit. Die Haftung bei leichter Fahrl\u00e4ssigkeit wird ausgeschlossen.<\/p>\n<p>In allen F\u00e4llen in den VMT Solutions haftet, ist die Haftung von der VMTS auf die H\u00f6he der Sch\u00e4den begrenzt, die VMT Solutions beim<br \/>\nAbschluss des zugrunde liegenden Vertrages voraussehen konnte.<\/p>\n<p>Jegliche Haftung ist ausgeschlossen, sobald der Kunde beginnt, die Pl\u00e4ne, Dokumente oder die von der VMTS gelieferten Dateien zu bearbeiten oder durch Dritte oder Software \u00e4ndern zu lassen.<\/p>\n<p>Der Kunde ist verpflichtet, die gelieferten Dateien unverz\u00fcglich zu pr\u00fcfen und offensichtliche M\u00e4ngel unverz\u00fcglich, sp\u00e4testens binnen 10 Tagen seit Ablieferung, schriftlich anzuzeigen. Versp\u00e4tet angezeigte M\u00e4ngel schlie\u00dfen jeden Gew\u00e4hrleistungsanspruch aus. Nicht offensichtliche M\u00e4ngel sind unverz\u00fcglich nach Kenntnis schriftlich anzuzeigen.<\/p>\n<p>Bei Mangelhaftigkeit der Leistung der VMTS und rechtzeitiger Anzeige der Mangels ist die VMTS wahlweise dazu berechtigt fehlerhafte Dateien auszubessern oder neu zu erstellen. Schadensersatzanspr\u00fcche wegen Nichterf\u00fcllung sind ausdr\u00fccklich ausgeschlossen.<\/p>\n<p>Die VMT Solutions \u00fcbernimmt keine Gew\u00e4hrleistung f\u00fcr inhaltliche Pr\u00fcfung der gelieferten Dateien und\/oder Ausdrucke vor der weiteren Verwendung in seinen Konstruktionen, Planungen und Projekten f\u00e4llt. Alle diese beschriebenen F\u00e4lle fallen ausschlie\u00dflich in die Verantwortung des Kunden<\/p>\n<h3>\u00a7 6 Eigentumsvorbehalt<\/h3>\n<p>Die von der VMTS gelieferten Dateien, d\u00fcrfen bis zur vollst\u00e4ndigen Bezahlung s\u00e4mtlicher Forderungen der VMTS aus der Gesch\u00e4ftsverbindung nur zu Pr\u00fcfzwecken durch den Kunden verwendet werden.<\/p>\n<p>Der Eigentums\u00fcbergang an den Dateien erfolgt erst nach Erf\u00fcllung s\u00e4mtlicher sich aus dem Vertragsverh\u00e4ltnis ergebender Forderungen. Der Kunde ist zur Verf\u00fcgung \u00fcber die unter Eigentumsvorbehalt stehenden Dateien nach Ablauf der Zahlungsfrist nicht befugt, sofern die Zahlung nicht vollst\u00e4ndig geleistet wurde. F\u00fcr den Fall, dass der Kunde dennoch die Dateien ver\u00e4u\u00dfert und VMTS dieses genehmigen sollte, tritt der Kunde der VMTS bereits mit Vertragsabschlu\u00df alle Anspr\u00fcche gegen seine Abnehmer ab. Der Kunde ist verpflichtet, der VMTS alle zur Geltendmachung dieser Rechte erforderlichen Informationen herauszugeben und die erforderlichen Mitwirkungshandlungen zu erbringen.<\/p>\n<h3>\u00a7 7 Rechtswahl, Gerichtsstand<\/h3>\n<p>Es gilt das Recht der Bundesrepublik Deutschland.<\/p>\n<p>Der Gerichtsstand ist M\u00fcnchen, Deutschland.<\/p>\n","protected":false},"excerpt":{"rendered":"<p>ALLGEMEINE GESCH\u00c4FTSBEDINGUNGEN DER [&#8230;]<\/p>\n","protected":false},"author":1,"featured_media":0,"parent":0,"menu_order":0,"comment_status":"closed","ping_status":"closed","template":"","meta":{"_acf_changed":false,"footnotes":""},"class_list":["post-25039","page","type-page","status-publish","hentry"],"acf":[],"_links":{"self":[{"href":"https:\/\/vmts.ch\/ja\/wp-json\/wp\/v2\/pages\/25039","targetHints":{"allow":["GET"]}}],"collection":[{"href":"https:\/\/vmts.ch\/ja\/wp-json\/wp\/v2\/pages"}],"about":[{"href":"https:\/\/vmts.ch\/ja\/wp-json\/wp\/v2\/types\/page"}],"author":[{"embeddable":true,"href":"https:\/\/vmts.ch\/ja\/wp-json\/wp\/v2\/users\/1"}],"replies":[{"embeddable":true,"href":"https:\/\/vmts.ch\/ja\/wp-json\/wp\/v2\/comments?post=25039"}],"version-history":[{"count":0,"href":"https:\/\/vmts.ch\/ja\/wp-json\/wp\/v2\/pages\/25039\/revisions"}],"wp:attachment":[{"href":"https:\/\/vmts.ch\/ja\/wp-json\/wp\/v2\/media?parent=25039"}],"curies":[{"name":"wp","href":"https:\/\/api.w.org\/{rel}","templated":true}]}}